{"id":796,"date":"2024-10-30T11:04:12","date_gmt":"2024-10-30T10:04:12","guid":{"rendered":"https:\/\/www.wlskl.de\/?page_id=796"},"modified":"2025-01-06T12:24:07","modified_gmt":"2025-01-06T11:24:07","slug":"fahrzeugvermietung","status":"publish","type":"page","link":"https:\/\/www.wlskl.de\/en\/fahrzeugvermietung\/","title":{"rendered":"Fahrzeugvermietung"},"content":{"rendered":"<section class=\"l-section wpb_row height_huge width_custom color_secondary with_img\" style=\"--site-content-width:900px;\"><div class=\"l-section-img\" role=\"img\" aria-label=\"Image\" data-img-width=\"2560\" data-img-height=\"1707\" style=\"background-image: url(https:\/\/www.wlskl.de\/wp-content\/uploads\/two-guys-talking-about-work-work-garage-near-truck-transfer-documents-with-goods-scaled.jpg);\"><\/div><div class=\"l-section-overlay\" style=\"background:rgba(0,0,0,0.65)\"><\/div><div class=\"l-section-h i-cf\"><div class=\"g-cols vc_row via_flex valign_top type_default stacking_default\"><div class=\"vc_col-sm-12 wpb_column vc_column_container\"><div class=\"vc_column-inner\"><div class=\"wpb_wrapper\"><div class=\"w-separator size_medium\"><\/div><h1 class=\"w-text us_custom_eb849559\"><span class=\"w-text-h\"><span class=\"w-text-value\">Fahrzeugvermietung<\/span><\/span><\/h1><div class=\"w-separator size_small\"><\/div><div class=\"wpb_text_column us_custom_69ba84ab\"><div class=\"wpb_wrapper\"><p>Wir bieten Ihnen eine breite Palette an Mietfahrzeugen, um Sie bei Ihren Transport- und Logistikprojekten flexibel zu unterst\u00fctzen. Ob leichter Transporter, 7,5t- oder 12t-LKW, Pkw-Anh\u00e4nger oder Lkw-Anh\u00e4nger \u2013 wir haben das passende Fahrzeug f\u00fcr Ihre Anforderungen, wann und wo Sie es brauchen.<\/p>\n<\/div><\/div><div class=\"w-separator size_medium\"><\/div><div class=\"w-hwrapper valign_middle wrap align_center\"><div class=\"w-btn-wrapper align_none\"><a class=\"w-btn us-btn-style_1 us_custom_ae66c2cd\" href=\"https:\/\/www.wlskl.de\/kontakt\/\"><span class=\"w-btn-label\">Jetzt Mietanfrage stellen<\/span><\/a><\/div><\/div><\/div><\/div><\/div><\/div><\/div><\/section><section class=\"l-section wpb_row us_custom_a6c51709 height_large color_footer-bottom\"><div class=\"l-section-h i-cf\"><div class=\"g-cols vc_row via_flex valign_top type_default stacking_default\"><div class=\"vc_col-sm-12 wpb_column vc_column_container\"><div class=\"vc_column-inner\"><div class=\"wpb_wrapper\"><div class=\"wpb_text_column us_custom_a5ef9130\"><div class=\"wpb_wrapper\"><h2>Warum Walter Logistikservice?<\/h2>\n<\/div><\/div><div class=\"w-separator size_medium\"><\/div><div class=\"g-cols wpb_row via_flex valign_top type_default stacking_default\"><div class=\"vc_col-sm-3 wpb_column vc_column_container\"><div class=\"vc_column-inner\"><div class=\"wpb_wrapper\"><div class=\"w-flipbox animation_cardflip direction_w\"><div class=\"w-flipbox-h easing_easeInOutCirc\" style=\"transition-duration:0.5s;\"><div class=\"w-flipbox-hh\"><div class=\"w-flipbox-front us_custom_f9287d50\" style=\"background:var(--color-footer-bg-alt);color:var(--color-footer-heading);\"><div class=\"w-flipbox-front-h\"><div class=\"w-flipbox-front-icon style_default\" style=\"font-size:60px;\"><i class=\"fal fa-arrows\"><\/i><\/div><h3 class=\"w-flipbox-front-title\" style=\"font-size:1.5rem;\">Flexibilit\u00e4t<\/h3><\/div><\/div><div class=\"w-flipbox-back us_custom_f9287d50\" style=\"display:none;background:var(--color-content-bg-alt);color:var(--color-content-text);\"><div class=\"w-flipbox-back-h\"><div class=\"w-flipbox-back-desc\"><p>Mietdauer und Fahrzeugtyp passen sich genau an Ihre Bed\u00fcrfnisse an \u2013 vom kurzfristigen Tagesmietangebot bis zur Langzeitmiete.<\/p>\n<\/div><\/div><\/div><\/div><\/div><\/div><\/div><\/div><\/div><div class=\"vc_col-sm-3 wpb_column vc_column_container\"><div class=\"vc_column-inner\"><div class=\"wpb_wrapper\"><div class=\"w-flipbox animation_cardflip direction_w\"><div class=\"w-flipbox-h easing_ease\" style=\"transition-duration:0.5s;\"><div class=\"w-flipbox-hh\"><div class=\"w-flipbox-front us_custom_e156e03e\" style=\"background:var(--color-footer-bg-alt);color:var(--color-footer-heading);\"><div class=\"w-flipbox-front-h\"><div class=\"w-flipbox-front-icon style_default\" style=\"font-size:60px;\"><i class=\"fal fa-wrench\"><\/i><\/div><h3 class=\"w-flipbox-front-title\" style=\"font-size:1.5rem;\">Gewartete Fahrzeuge<\/h3><\/div><\/div><div class=\"w-flipbox-back us_custom_e156e03e\" style=\"display:none;background:var(--color-content-bg-alt);color:var(--color-content-text);\"><div class=\"w-flipbox-back-h\"><div class=\"w-flipbox-back-desc\"><p>Unsere Mietfahrzeuge werden regelm\u00e4\u00dfig gewartet und sind in einwandfreiem Zustand, damit Sie sicher und zuverl\u00e4ssig unterwegs sind.<\/p>\n<\/div><\/div><\/div><\/div><\/div><\/div><\/div><\/div><\/div><div class=\"vc_col-sm-3 wpb_column vc_column_container\"><div class=\"vc_column-inner\"><div class=\"wpb_wrapper\"><div class=\"w-flipbox animation_cardflip direction_w\"><div class=\"w-flipbox-h easing_ease\" style=\"transition-duration:0.5s;\"><div class=\"w-flipbox-hh\"><div class=\"w-flipbox-front us_custom_e156e03e\" style=\"background:var(--color-footer-bg-alt);color:var(--color-footer-heading);\"><div class=\"w-flipbox-front-h\"><div class=\"w-flipbox-front-icon style_default\" style=\"font-size:60px;\"><i class=\"fal fa-location\"><\/i><\/div><h3 class=\"w-flipbox-front-title\" style=\"font-size:1.5rem;\">Einfache Abholung und R\u00fcckgabe<\/h3><\/div><\/div><div class=\"w-flipbox-back us_custom_e156e03e\" style=\"display:none;background:var(--color-content-bg-alt);color:var(--color-content-text);\"><div class=\"w-flipbox-back-h\"><div class=\"w-flipbox-back-desc\"><p>Abholung und R\u00fcckgabe sind unkompliziert und effizient gestaltet. Gerne bieten wir Ihnen auch flexible Standorte f\u00fcr eine problemlose R\u00fcckgabe an.<\/p>\n<\/div><\/div><\/div><\/div><\/div><\/div><\/div><\/div><\/div><div class=\"vc_col-sm-3 wpb_column vc_column_container\"><div class=\"vc_column-inner\"><div class=\"wpb_wrapper\"><div class=\"w-flipbox animation_cardflip direction_w\"><div class=\"w-flipbox-h easing_ease\" style=\"transition-duration:0.5s;\"><div class=\"w-flipbox-hh\"><div class=\"w-flipbox-front us_custom_f9287d50\" style=\"background:var(--color-footer-bg-alt);color:var(--color-footer-heading);\"><div class=\"w-flipbox-front-h\"><div class=\"w-flipbox-front-icon style_default\" style=\"font-size:60px;\"><i class=\"fal fa-file-signature\"><\/i><\/div><h3 class=\"w-flipbox-front-title\" style=\"font-size:1.5rem;\">Transparente Mietbedingungen<\/h3><\/div><\/div><div class=\"w-flipbox-back us_custom_f9287d50\" style=\"display:none;background:var(--color-content-bg-alt);color:var(--color-content-text);\"><div class=\"w-flipbox-back-h\"><div class=\"w-flipbox-back-desc\"><p>Keine versteckten Kosten \u2013 unsere Mietbedingungen sind transparent und einfach, sodass Sie genau wissen, was Sie erwartet.<\/p>\n<\/div><\/div><\/div><\/div><\/div><\/div><\/div><\/div><\/div><\/div><\/div><\/div><\/div><\/div><\/div><\/section><section class=\"l-section wpb_row height_medium width_custom\" style=\"--site-content-width:800px;\"><div class=\"l-section-h i-cf\"><div class=\"g-cols vc_row via_flex valign_top type_default stacking_default\"><div class=\"vc_col-sm-12 wpb_column vc_column_container\"><div class=\"vc_column-inner\"><div class=\"wpb_wrapper\"><div class=\"wpb_text_column\"><div class=\"wpb_wrapper\"><h2 style=\"text-align: center;\">H\u00e4ufig gestellte Fragen zur Fahrzeugvermietung<\/h2>\n<\/div><\/div><div class=\"w-separator size_medium\"><\/div><div class=\"w-tabs style_default switch_click accordion type_togglable has_scrolling remove_indents\" style=\"--sections-title-size:1.2rem\"><div class=\"w-tabs-sections titles-align_none icon_chevron cpos_right\"><div class=\"w-tabs-section\" id=\"d395\"><button class=\"w-tabs-section-header\" aria-controls=\"content-d395\" aria-expanded=\"false\"><h6 class=\"w-tabs-section-title\">Kann ich ein Fahrzeug auch kurzfristig mieten?<\/h6><div class=\"w-tabs-section-control\"><\/div><\/button><div  class=\"w-tabs-section-content\" id=\"content-d395\"><div class=\"w-tabs-section-content-h i-cf\"><div class=\"wpb_text_column\"><div class=\"wpb_wrapper\"><p>Ja, wir bieten flexible Mietoptionen, sowohl f\u00fcr kurz- als auch f\u00fcr langfristige Nutzung.<\/p>\n<\/div><\/div><\/div><\/div><\/div><div class=\"w-tabs-section\" id=\"c404\"><button class=\"w-tabs-section-header\" aria-controls=\"content-c404\" aria-expanded=\"false\"><h6 class=\"w-tabs-section-title\">Ben\u00f6tige ich einen speziellen F\u00fchrerschein f\u00fcr die Fahrzeuge?<\/h6><div class=\"w-tabs-section-control\"><\/div><\/button><div  class=\"w-tabs-section-content\" id=\"content-c404\"><div class=\"w-tabs-section-content-h i-cf\"><div class=\"wpb_text_column\"><div class=\"wpb_wrapper\"><p>F\u00fcr die 7,5t- und 12t-LKWs ben\u00f6tigen Sie den passenden Lkw-F\u00fchrerschein. F\u00fcr Transporter und Pkw-Anh\u00e4nger reicht der regul\u00e4re Pkw-F\u00fchrerschein.<\/p>\n<\/div><\/div><\/div><\/div><\/div><div class=\"w-tabs-section\" id=\"d459\"><button class=\"w-tabs-section-header\" aria-controls=\"content-d459\" aria-expanded=\"false\"><h6 class=\"w-tabs-section-title\">Sind die Mietfahrzeuge versichert?<\/h6><div class=\"w-tabs-section-control\"><\/div><\/button><div  class=\"w-tabs-section-content\" id=\"content-d459\"><div class=\"w-tabs-section-content-h i-cf\"><div class=\"wpb_text_column\"><div class=\"wpb_wrapper\"><p>Ja, unsere Fahrzeuge sind versichert. Zus\u00e4tzliche Versicherungsoptionen k\u00f6nnen je nach Bedarf hinzugebucht werden.<\/p>\n<\/div><\/div><\/div><\/div><\/div><div class=\"w-tabs-section\" id=\"j4a7\"><button class=\"w-tabs-section-header\" aria-controls=\"content-j4a7\" aria-expanded=\"false\"><h6 class=\"w-tabs-section-title\">Gibt es eine Kilometerbegrenzung?<\/h6><div class=\"w-tabs-section-control\"><\/div><\/button><div  class=\"w-tabs-section-content\" id=\"content-j4a7\"><div class=\"w-tabs-section-content-h i-cf\"><div class=\"wpb_text_column\"><div class=\"wpb_wrapper\"><p>Unsere Mietbedingungen bieten flexible Optionen: Sie k\u00f6nnen zwischen Tarifen mit Kilometerbegrenzung oder einer Flatrate f\u00fcr unbegrenzte Kilometer w\u00e4hlen.<\/p>\n<\/div><\/div><\/div><\/div><\/div><div class=\"w-tabs-section\" id=\"k4f1\"><button class=\"w-tabs-section-header\" aria-controls=\"content-k4f1\" aria-expanded=\"false\"><h6 class=\"w-tabs-section-title\">Welche Unterlagen ben\u00f6tige ich f\u00fcr die Anmietung?<\/h6><div class=\"w-tabs-section-control\"><\/div><\/button><div  class=\"w-tabs-section-content\" id=\"content-k4f1\"><div class=\"w-tabs-section-content-h i-cf\"><div class=\"wpb_text_column\"><div class=\"wpb_wrapper\"><p>Sie ben\u00f6tigen einen g\u00fcltigen F\u00fchrerschein, Ihren Personalausweis oder Reisepass sowie eine Kreditkarte f\u00fcr die Kaution (oder den Betrag in bar).<\/p>\n<\/div><\/div><\/div><\/div><\/div><\/div><\/div><div class=\"w-separator size_medium\"><\/div><\/div><\/div><\/div><\/div><\/div><\/section><section class=\"l-section wpb_row us_custom_26e5456c height_huge width_custom color_primary\" style=\"--site-content-width:750px;\"><div class=\"l-section-h i-cf\"><div class=\"g-cols vc_row via_flex valign_middle type_default stacking_default\"><div class=\"vc_col-sm-12 wpb_column vc_column_container\"><div class=\"vc_column-inner\"><div class=\"wpb_wrapper\"><h2 class=\"w-text us_custom_8fac178d has_text_color\"><span class=\"w-text-h\"><span class=\"w-text-value\">Ihr Mietfahrzeug ist nur einen Klick entfernt!<\/span><\/span><\/h2><div class=\"wpb_text_column us_custom_aa7f5b77 has_text_color\"><div class=\"wpb_wrapper\"><p>Ob f\u00fcr spontane Transporte, einen Umzug oder langfristige Projekte \u2013 wir bieten\u00a0Ihnen eine vielseitige Fahrzeugflotte zur Miete. Kontaktieren Sie uns jetzt und sichern Sie sich Ihr Mietfahrzeug.<\/p>\n<\/div><\/div><div class=\"w-separator size_small\"><\/div><div class=\"w-btn-wrapper align_center\"><a class=\"w-btn us-btn-style_1 us_custom_b4198c51\" href=\"https:\/\/www.wlskl.de\/kontakt\/\"><span class=\"w-btn-label\">Jetzt anfragen<\/span><\/a><\/div><\/div><\/div><\/div><\/div><\/div><\/section>\n","protected":false},"excerpt":{"rendered":"FahrzeugvermietungWir bieten Ihnen eine breite Palette an Mietfahrzeugen, um Sie bei Ihren Transport- und Logistikprojekten flexibel zu unterst\u00fctzen. Ob leichter Transporter, 7,5t- oder 12t-LKW, Pkw-Anh\u00e4nger oder Lkw-Anh\u00e4nger \u2013 wir haben das passende Fahrzeug f\u00fcr Ihre Anforderungen, wann und wo Sie es brauchen. Jetzt Mietanfrage stellenWarum Walter Logistikservice? Flexibilit\u00e4tMietdauer und Fahrzeugtyp passen sich genau an Ihre...","protected":false},"author":1,"featured_media":0,"parent":0,"menu_order":0,"comment_status":"closed","ping_status":"closed","template":"","meta":{"_acf_changed":false,"footnotes":""},"class_list":["post-796","page","type-page","status-publish","hentry"],"acf":[],"yoast_head":"<!-- This site is optimized with the Yoast SEO plugin v27.2 - https:\/\/yoast.com\/product\/yoast-seo-wordpress\/ -->\n<title>Fahrzeugvermietung - Walter Logistikservice GmbH<\/title>\n<meta name=\"description\" content=\"Mieten Sie LKW, Transporter und Anh\u00e4nger flexibel und zuverl\u00e4ssig bei Walter Logistik. Unsere Fahrzeugvermietung bietet Ihnen die passende L\u00f6sung f\u00fcr jede Transportanforderung \u2013 ob 7,5t, 12t LKW, PKW-Anh\u00e4nger oder LKW-Anh\u00e4nger. Jetzt unkompliziert anfragen!\" \/>\n<meta name=\"robots\" content=\"index, follow, max-snippet:-1, max-image-preview:large, max-video-preview:-1\" \/>\n<link rel=\"canonical\" href=\"https:\/\/www.wlskl.de\/fahrzeugvermietung\/\" \/>\n<meta property=\"og:locale\" content=\"en_US\" \/>\n<meta property=\"og:type\" content=\"article\" \/>\n<meta property=\"og:title\" content=\"Fahrzeugvermietung - Walter Logistikservice GmbH\" \/>\n<meta property=\"og:description\" content=\"Mieten Sie LKW, Transporter und Anh\u00e4nger flexibel und zuverl\u00e4ssig bei Walter Logistik. Unsere Fahrzeugvermietung bietet Ihnen die passende L\u00f6sung f\u00fcr jede Transportanforderung \u2013 ob 7,5t, 12t LKW, PKW-Anh\u00e4nger oder LKW-Anh\u00e4nger. Jetzt unkompliziert anfragen!\" \/>\n<meta property=\"og:url\" content=\"https:\/\/www.wlskl.de\/fahrzeugvermietung\/\" \/>\n<meta property=\"og:site_name\" content=\"Walter Logistikservice GmbH\" \/>\n<meta property=\"article:modified_time\" content=\"2025-01-06T11:24:07+00:00\" \/>\n<meta name=\"twitter:card\" content=\"summary_large_image\" \/>\n<script type=\"application\/ld+json\" class=\"yoast-schema-graph\">{\"@context\":\"https:\/\/schema.org\",\"@graph\":[{\"@type\":\"WebPage\",\"@id\":\"https:\/\/www.wlskl.de\/fahrzeugvermietung\/\",\"url\":\"https:\/\/www.wlskl.de\/fahrzeugvermietung\/\",\"name\":\"Fahrzeugvermietung - Walter Logistikservice GmbH\",\"isPartOf\":{\"@id\":\"https:\/\/www.wlskl.de\/#website\"},\"datePublished\":\"2024-10-30T10:04:12+00:00\",\"dateModified\":\"2025-01-06T11:24:07+00:00\",\"description\":\"Mieten Sie LKW, Transporter und Anh\u00e4nger flexibel und zuverl\u00e4ssig bei Walter Logistik. Unsere Fahrzeugvermietung bietet Ihnen die passende L\u00f6sung f\u00fcr jede Transportanforderung \u2013 ob 7,5t, 12t LKW, PKW-Anh\u00e4nger oder LKW-Anh\u00e4nger. Jetzt unkompliziert anfragen!\",\"breadcrumb\":{\"@id\":\"https:\/\/www.wlskl.de\/fahrzeugvermietung\/#breadcrumb\"},\"inLanguage\":\"en-US\",\"potentialAction\":[{\"@type\":\"ReadAction\",\"target\":[\"https:\/\/www.wlskl.de\/fahrzeugvermietung\/\"]}]},{\"@type\":\"BreadcrumbList\",\"@id\":\"https:\/\/www.wlskl.de\/fahrzeugvermietung\/#breadcrumb\",\"itemListElement\":[{\"@type\":\"ListItem\",\"position\":1,\"name\":\"Startseite\",\"item\":\"https:\/\/www.wlskl.de\/en\/\"},{\"@type\":\"ListItem\",\"position\":2,\"name\":\"Fahrzeugvermietung\"}]},{\"@type\":\"WebSite\",\"@id\":\"https:\/\/www.wlskl.de\/#website\",\"url\":\"https:\/\/www.wlskl.de\/\",\"name\":\"Walter Logistikservice GmbH\",\"description\":\"Spedition &amp; Umz\u00fcge\",\"potentialAction\":[{\"@type\":\"SearchAction\",\"target\":{\"@type\":\"EntryPoint\",\"urlTemplate\":\"https:\/\/www.wlskl.de\/?s={search_term_string}\"},\"query-input\":{\"@type\":\"PropertyValueSpecification\",\"valueRequired\":true,\"valueName\":\"search_term_string\"}}],\"inLanguage\":\"en-US\"}]}<\/script>\n<!-- \/ Yoast SEO plugin. -->","yoast_head_json":{"title":"Fahrzeugvermietung - Walter Logistikservice GmbH","description":"Mieten Sie LKW, Transporter und Anh\u00e4nger flexibel und zuverl\u00e4ssig bei Walter Logistik. Unsere Fahrzeugvermietung bietet Ihnen die passende L\u00f6sung f\u00fcr jede Transportanforderung \u2013 ob 7,5t, 12t LKW, PKW-Anh\u00e4nger oder LKW-Anh\u00e4nger. Jetzt unkompliziert anfragen!","robots":{"index":"index","follow":"follow","max-snippet":"max-snippet:-1","max-image-preview":"max-image-preview:large","max-video-preview":"max-video-preview:-1"},"canonical":"https:\/\/www.wlskl.de\/fahrzeugvermietung\/","og_locale":"en_US","og_type":"article","og_title":"Fahrzeugvermietung - Walter Logistikservice GmbH","og_description":"Mieten Sie LKW, Transporter und Anh\u00e4nger flexibel und zuverl\u00e4ssig bei Walter Logistik. Unsere Fahrzeugvermietung bietet Ihnen die passende L\u00f6sung f\u00fcr jede Transportanforderung \u2013 ob 7,5t, 12t LKW, PKW-Anh\u00e4nger oder LKW-Anh\u00e4nger. Jetzt unkompliziert anfragen!","og_url":"https:\/\/www.wlskl.de\/fahrzeugvermietung\/","og_site_name":"Walter Logistikservice GmbH","article_modified_time":"2025-01-06T11:24:07+00:00","twitter_card":"summary_large_image","schema":{"@context":"https:\/\/schema.org","@graph":[{"@type":"WebPage","@id":"https:\/\/www.wlskl.de\/fahrzeugvermietung\/","url":"https:\/\/www.wlskl.de\/fahrzeugvermietung\/","name":"Fahrzeugvermietung - Walter Logistikservice GmbH","isPartOf":{"@id":"https:\/\/www.wlskl.de\/#website"},"datePublished":"2024-10-30T10:04:12+00:00","dateModified":"2025-01-06T11:24:07+00:00","description":"Mieten Sie LKW, Transporter und Anh\u00e4nger flexibel und zuverl\u00e4ssig bei Walter Logistik. Unsere Fahrzeugvermietung bietet Ihnen die passende L\u00f6sung f\u00fcr jede Transportanforderung \u2013 ob 7,5t, 12t LKW, PKW-Anh\u00e4nger oder LKW-Anh\u00e4nger. Jetzt unkompliziert anfragen!","breadcrumb":{"@id":"https:\/\/www.wlskl.de\/fahrzeugvermietung\/#breadcrumb"},"inLanguage":"en-US","potentialAction":[{"@type":"ReadAction","target":["https:\/\/www.wlskl.de\/fahrzeugvermietung\/"]}]},{"@type":"BreadcrumbList","@id":"https:\/\/www.wlskl.de\/fahrzeugvermietung\/#breadcrumb","itemListElement":[{"@type":"ListItem","position":1,"name":"Startseite","item":"https:\/\/www.wlskl.de\/en\/"},{"@type":"ListItem","position":2,"name":"Fahrzeugvermietung"}]},{"@type":"WebSite","@id":"https:\/\/www.wlskl.de\/#website","url":"https:\/\/www.wlskl.de\/","name":"Walter Logistikservice GmbH","description":"Spedition &amp; Umz\u00fcge","potentialAction":[{"@type":"SearchAction","target":{"@type":"EntryPoint","urlTemplate":"https:\/\/www.wlskl.de\/?s={search_term_string}"},"query-input":{"@type":"PropertyValueSpecification","valueRequired":true,"valueName":"search_term_string"}}],"inLanguage":"en-US"}]}},"_links":{"self":[{"href":"https:\/\/www.wlskl.de\/en\/wp-json\/wp\/v2\/pages\/796","targetHints":{"allow":["GET"]}}],"collection":[{"href":"https:\/\/www.wlskl.de\/en\/wp-json\/wp\/v2\/pages"}],"about":[{"href":"https:\/\/www.wlskl.de\/en\/wp-json\/wp\/v2\/types\/page"}],"author":[{"embeddable":true,"href":"https:\/\/www.wlskl.de\/en\/wp-json\/wp\/v2\/users\/1"}],"replies":[{"embeddable":true,"href":"https:\/\/www.wlskl.de\/en\/wp-json\/wp\/v2\/comments?post=796"}],"version-history":[{"count":7,"href":"https:\/\/www.wlskl.de\/en\/wp-json\/wp\/v2\/pages\/796\/revisions"}],"predecessor-version":[{"id":908,"href":"https:\/\/www.wlskl.de\/en\/wp-json\/wp\/v2\/pages\/796\/revisions\/908"}],"wp:attachment":[{"href":"https:\/\/www.wlskl.de\/en\/wp-json\/wp\/v2\/media?parent=796"}],"curies":[{"name":"wp","href":"https:\/\/api.w.org\/{rel}","templated":true}]}}